{"id":2656,"date":"2025-10-07T06:23:49","date_gmt":"2025-10-07T04:23:49","guid":{"rendered":"https:\/\/punchoutrocket.com\/polityka-prywatnosci\/"},"modified":"2026-03-13T12:07:15","modified_gmt":"2026-03-13T11:07:15","slug":"polityka-prywatnosci","status":"publish","type":"page","link":"https:\/\/punchoutrocket.com\/pl\/polityka-prywatnosci\/","title":{"rendered":"Polityka prywatno\u015bci"},"content":{"rendered":"\n<h2 class=\"wp-block-heading\">Polityka prywatno\u015bci<\/h2>\n\n<p><strong>Informacja zgodnie z art. 13 Rozporz\u0105dzenia Europejskiego UE 2016\/679 dla os\u00f3b, kt\u00f3rych dane dotycz\u0105<\/strong><strong>Rozporz\u0105dzenie w sprawie ochrony os\u00f3b fizycznych w zwi\u0105zku z przetwarzaniem danych osobowych<\/strong><strong>RODO (Og\u00f3lne rozporz\u0105dzenie o ochronie danych \u2013 Rozporz\u0105dzenie UE 679\/2016)<\/strong><strong>Kodeks Prywatno\u015bci D.Lgs 196\/2003 (zmieniony przez D.Lgs 101\/2018)<\/strong><strong>WEBLINK SRL<\/strong> pragnie poinformowa\u0107 osoby, kt\u00f3rych dane dotycz\u0105, \u017ce dane osobowe odnosz\u0105ce si\u0119 do nich lub z nimi powi\u0105zane s\u0105 przetwarzane przez Sp\u00f3\u0142k\u0119 w pe\u0142nej zgodno\u015bci z obowi\u0105zuj\u0105cymi przepisami o ochronie danych oraz zobowi\u0105zaniami do zachowania poufno\u015bci, kt\u00f3re od zawsze nam przy\u015bwiecaj\u0105. Przez \u201eprzetwarzanie danych osobowych\u201d rozumie si\u0119 ka\u017cd\u0105 operacj\u0119 lub zestaw operacji, wykonywanych r\u00f3wnie\u017c bez pomocy narz\u0119dzi elektronicznych, dotycz\u0105cych zbierania, rejestrowania, organizowania, przechowywania, przegl\u0105dania, opracowywania, modyfikowania, wybierania, pobierania, por\u00f3wnywania, wykorzystywania, \u0142\u0105czenia, blokowania, udost\u0119pniania, rozpowszechniania, usuwania i niszczenia danych, nawet je\u015bli nie s\u0105 one zarejestrowane w bazie danych. Zgodnie z artyku\u0142em 13 RODO (Rozporz\u0105dzenie UE 679\/2016), w odniesieniu do danych osobowych przetwarzanych przez nas w wyniku nawi\u0105zania wzajemnych relacji handlowych oraz, w stosownych przypadkach, umownych, przekazujemy nast\u0119puj\u0105ce informacje.   <strong> <\/strong><strong>Administrator danych osobowych<\/strong> \u201eAdministratorem danych osobowych\u201d w rozumieniu prawa jest WEBLINK SRL, z siedzib\u0105 administracyjn\u0105 przy Via Manin 30, telefon: 0332\/239546, e-mail: <a>privacy@weblink.it.<\/a><strong>Cele przetwarzania danych<\/strong><\/p>\n\n<p>Dane osobowe osoby, kt\u00f3rej dane dotycz\u0105, s\u0105 przetwarzane w celu spe\u0142nienia wymog\u00f3w umownych i wype\u0142nienia zwi\u0105zanych z nimi obowi\u0105zk\u00f3w prawnych i podatkowych, a tak\u017ce w celu umo\u017cliwienia skutecznego zarz\u0105dzania relacjami finansowymi i handlowymi. Takie przetwarzanie b\u0119dzie odbywa\u0107 si\u0119 przez ca\u0142y okres trwania stosunku umownego, a nast\u0119pnie w celu wype\u0142nienia obowi\u0105zk\u00f3w prawnych oraz dla cel\u00f3w administracyjnych i handlowych. W przypadku subskrypcji us\u0142ugi Newsletter dost\u0119pnej poprzez rejestracj\u0119 na odpowiedniej stronie witryny internetowej <a href=\"http:\/\/www.weblink.it\/\">www.weblink.it<\/a> (lub innych witryn internetowych nale\u017c\u0105cych do Weblink), dane osobowe dobrowolnie przekazane przez osob\u0119, kt\u00f3rej dane dotycz\u0105, b\u0119d\u0105 przetwarzane:  <\/p>\n\n<ul class=\"wp-block-list\">\n<li>w celu wysy\u0142ania wiadomo\u015bci e-mail dotycz\u0105cych nowych produkt\u00f3w, inicjatyw handlowych, targ\u00f3w lub wydarze\u0144;<\/li>\n\n\n\n<li>w celu wykonywania po\u0142\u0105cze\u0144 telefonicznych przez personel wewn\u0119trzny.<\/li>\n<\/ul>\n\n<p>W ramach cel\u00f3w, dla kt\u00f3rych dane osobowe s\u0105 zbierane, WEBLINK SRL przetwarza takie dane zgodnie z zasadami rzetelno\u015bci, legalno\u015bci, przejrzysto\u015bci oraz ochrony poufno\u015bci i praw osoby, kt\u00f3rej dane dotycz\u0105. <strong>Charakter przekazania danych<\/strong> Dane osobowe s\u0105 zawsze zbierane bezpo\u015brednio od osoby, kt\u00f3rej dane dotycz\u0105. Przekazanie takich danych, niezb\u0119dnych do cel\u00f3w opisanych powy\u017cej, jest konieczne do pe\u0142nej realizacji dzia\u0142a\u0144 komunikacyjnych, marketingowych, handlowych i potencjalnie umownych. Ewentualna odmowa przekazania takich danych mo\u017ce skutkowa\u0107 brakiem lub cz\u0119\u015bciowym \u015bwiadczeniem us\u0142ug przez Sp\u00f3\u0142k\u0119. <strong>Spos\u00f3b przetwarzania<\/strong> Przetwarzanie danych odbywa si\u0119 zgodnie z zasadami rzetelno\u015bci, legalno\u015bci i przejrzysto\u015bci, przy u\u017cyciu narz\u0119dzi i procedur odpowiednich do zapewnienia bezpiecze\u0144stwa i poufno\u015bci danych. Przetwarzanie mo\u017ce odbywa\u0107 si\u0119 zar\u00f3wno na no\u015bnikach papierowych, jak i przy u\u017cyciu narz\u0119dzi elektronicznych. Stosowane s\u0105 odpowiednie \u015brodki bezpiecze\u0144stwa w celu zminimalizowania ryzyka nieautoryzowanego dost\u0119pu przez osoby trzecie, zniszczenia i\/lub uszkodzenia danych, zapewniaj\u0105c poufno\u015b\u0107 zgodnie z art. 32 RODO. <strong>Przechowywanie danych osobowych<\/strong> Dane osobowe b\u0119d\u0105 przechowywane tylko przez czas niezb\u0119dny do realizacji cel\u00f3w, dla kt\u00f3rych zosta\u0142y zebrane, zgodnie z zasad\u0105 minimalizacji, o kt\u00f3rej mowa w art. 5 ust. 1 lit. c) RODO, a tak\u017ce z obowi\u0105zkami prawnymi maj\u0105cymi zastosowanie do Administratora danych. Dodatkowe informacje dotycz\u0105ce okres\u00f3w przechowywania i przetwarzania s\u0105 dost\u0119pne u Administratora danych. <strong>Przekazywanie danych<\/strong> Dane osobowe nie b\u0119d\u0105 w \u017caden spos\u00f3b rozpowszechniane, ale mog\u0105 by\u0107 przekazywane:     <\/p>\n\n<ul class=\"wp-block-list\">\n<li>upowa\u017cnionemu personelowi, nale\u017cycie wyznaczonemu do przetwarzania w ramach Sp\u00f3\u0142ki;<\/li>\n\n\n\n<li>podmiotom i stowarzyszeniom powi\u0105zanym ze Sp\u00f3\u0142k\u0105;<\/li>\n\n\n\n<li>podmiotom, kt\u00f3re musz\u0105 uzyska\u0107 dost\u0119p do takich danych w celach pomocniczych w stosunku do relacji mi\u0119dzy nasz\u0105 Sp\u00f3\u0142k\u0105 a osob\u0105, kt\u00f3rej dane dotycz\u0105, wy\u0142\u0105cznie w zakresie niezb\u0119dnym do wykonywania powierzonych im zada\u0144 pomocniczych, takich jak: instytucje finansowe;<\/li>\n\n\n\n<li>firmom doradztwa administracyjnego (ksi\u0119gowym), nale\u017cycie wyznaczonym jako zewn\u0119trzni administratorzy przetwarzania danych.<\/li>\n<\/ul>\n\n<p><strong>Szczeg\u00f3lne kategorie danych osobowych.<\/strong> W przypadku przes\u0142ania \u017cyciorysu (CV), zgodnie z artyku\u0142ami 26 i 27 Kodeksu Prywatno\u015bci oraz artyku\u0142ami 9 i 10 RODO 2016\/679, osoba, kt\u00f3rej dane dotycz\u0105, mo\u017ce dobrowolnie przekaza\u0107 Sp\u00f3\u0142ce dane sklasyfikowane jako \u201eszczeg\u00f3lne kategorie danych osobowych\u201d (tj. dane ujawniaj\u0105ce \u201epochodzenie rasowe lub etniczne, pogl\u0105dy polityczne, przekonania religijne lub \u015bwiatopogl\u0105dowe, przynale\u017cno\u015b\u0107 do zwi\u0105zk\u00f3w zawodowych&#8230; dane genetyczne, dane biometryczne w celu jednoznacznego zidentyfikowania osoby fizycznej, dane dotycz\u0105ce zdrowia, \u017cycia seksualnego lub orientacji seksualnej\u201d). Takie dane mog\u0105 by\u0107 przetwarzane przez Sp\u00f3\u0142k\u0119 wy\u0142\u0105cznie po uzyskaniu pisemnej zgody osoby, kt\u00f3rej dane dotycz\u0105. <strong>Prawa osoby, kt\u00f3rej dane dotycz\u0105<\/strong> Osoba, kt\u00f3rej dane dotycz\u0105, zgodnie z RODO (artyku\u0142y 15, 16, 17, 18, 20, 21, 22), mo\u017ce wykonywa\u0107 nast\u0119puj\u0105ce prawa wobec Sp\u00f3\u0142ki (wysy\u0142aj\u0105c wiadomo\u015b\u0107 e-mail na adres privacy@weblink.it), podsumowane w nast\u0119puj\u0105cy spos\u00f3b: <\/p>\n\n<ol class=\"wp-block-list\">\n<li>Uzyska\u0107 potwierdzenie, czy przetwarzane s\u0105 dane osobowe jej dotycz\u0105ce, a je\u015bli tak, uzyska\u0107 dost\u0119p do danych osobowych oraz wszystkich informacji przekazanych zgodnie z art. 15 RODO;<\/li>\n\n\n\n<li>Uzyska\u0107 sprostowanie nieprawid\u0142owych danych osobowych jej dotycz\u0105cych bez zb\u0119dnej zw\u0142oki. Bior\u0105c pod uwag\u0119 cele przetwarzania, ma prawo do uzupe\u0142nienia niekompletnych danych osobowych, w tym poprzez przedstawienie dodatkowego o\u015bwiadczenia; <\/li>\n\n\n\n<li>Uzyska\u0107 usuni\u0119cie danych osobowych jej dotycz\u0105cych bez zb\u0119dnej zw\u0142oki;<\/li>\n\n\n\n<li>Uzyska\u0107 ograniczenie przetwarzania, gdy zachodzi jedna z przes\u0142anek przewidzianych w art. 18 RODO;<\/li>\n\n\n\n<li>Otrzyma\u0107 w ustrukturyzowanym, powszechnie u\u017cywanym formacie nadaj\u0105cym si\u0119 do odczytu maszynowego dane osobowe jej dotycz\u0105ce, kt\u00f3re przekaza\u0142a Sp\u00f3\u0142ce;<\/li>\n\n\n\n<li>Wnie\u015b\u0107 w dowolnym momencie sprzeciw, z przyczyn zwi\u0105zanych z jej szczeg\u00f3ln\u0105 sytuacj\u0105, wobec przetwarzania dotycz\u0105cych jej danych osobowych na podstawie art. 6 ust. 1 lit. e) lub f) RODO. W takich przypadkach Sp\u00f3\u0142ka powstrzyma si\u0119 od dalszego przetwarzania danych osobowych, chyba \u017ce wyka\u017ce istnienie wa\u017cnych prawnie uzasadnionych podstaw do przetwarzania, nadrz\u0119dnych wobec interes\u00f3w, praw i wolno\u015bci osoby, kt\u00f3rej dane dotycz\u0105, lub podstaw do ustalenia, dochodzenia lub obrony roszcze\u0144;   <\/li>\n\n\n\n<li>Nie podlega\u0107 decyzji, kt\u00f3ra opiera si\u0119 wy\u0142\u0105cznie na zautomatyzowanym przetwarzaniu i wywo\u0142uje wobec niej skutki prawne lub w podobny spos\u00f3b istotnie na ni\u0105 wp\u0142ywa. Prawo to nie ma zastosowania w przypadkach okre\u015blonych w art. 22 ust. 2 RODO; <\/li>\n\n\n\n<li>Wnie\u015b\u0107 skarg\u0119 do organu nadzorczego, je\u015bli uzna, \u017ce przetwarzanie jej danych narusza prawo. <strong> <\/strong><\/li>\n<\/ol>\n\n<p>Administrator danych osobowych <em>WEBLINK SRL<\/em><\/p>\n","protected":false},"excerpt":{"rendered":"<p>Polityka prywatno\u015bci Informacja zgodnie z art. 13 Rozporz\u0105dzenia Europejskiego UE 2016\/679 dla os\u00f3b, kt\u00f3rych dane dotycz\u0105Rozporz\u0105dzenie w sprawie ochrony os\u00f3b fizycznych w zwi\u0105zku z przetwarzaniem danych osobowychRODO (Og\u00f3lne rozporz\u0105dzenie o ochronie danych \u2013 Rozporz\u0105dzenie UE 679\/2016)Kodeks Prywatno\u015bci D.Lgs 196\/2003 (zmieniony przez D.Lgs 101\/2018)WEBLINK SRL pragnie poinformowa\u0107 osoby, kt\u00f3rych dane dotycz\u0105, \u017ce dane osobowe odnosz\u0105ce si\u0119 [&hellip;]<\/p>\n","protected":false},"author":1,"featured_media":0,"parent":0,"menu_order":0,"comment_status":"closed","ping_status":"open","template":"","meta":{"footnotes":""},"class_list":["post-2656","page","type-page","status-publish","hentry"],"yoast_head":"<!-- This site is optimized with the Yoast SEO plugin v27.4 - https:\/\/yoast.com\/product\/yoast-seo-wordpress\/ -->\n<title>Polityka Prywatno\u015bci<\/title>\n<meta name=\"description\" content=\"Przeczytaj nasz\u0105 polityk\u0119 prywatno\u015bci, aby dowiedzie\u0107 si\u0119, jak gromadzimy, u\u017cywamy i chronimy Twoje dane osobowe w serwisie.\" \/>\n<meta name=\"robots\" content=\"index, follow, max-snippet:-1, max-image-preview:large, max-video-preview:-1\" \/>\n<link rel=\"canonical\" href=\"https:\/\/punchoutrocket.com\/pl\/polityka-prywatnosci\/\" \/>\n<meta property=\"og:locale\" content=\"pl_PL\" \/>\n<meta property=\"og:type\" content=\"article\" \/>\n<meta property=\"og:title\" content=\"Polityka Prywatno\u015bci\" \/>\n<meta property=\"og:description\" content=\"Przeczytaj nasz\u0105 polityk\u0119 prywatno\u015bci, aby dowiedzie\u0107 si\u0119, jak gromadzimy, u\u017cywamy i chronimy Twoje dane osobowe w serwisie.\" \/>\n<meta property=\"og:url\" content=\"https:\/\/punchoutrocket.com\/pl\/polityka-prywatnosci\/\" \/>\n<meta property=\"og:site_name\" content=\"Punchout Rocket plugin\" \/>\n<meta property=\"article:modified_time\" content=\"2026-03-13T11:07:15+00:00\" \/>\n<meta name=\"twitter:card\" content=\"summary_large_image\" \/>\n<meta name=\"twitter:label1\" content=\"Szacowany czas czytania\" \/>\n\t<meta name=\"twitter:data1\" content=\"5 minut\" \/>\n<script type=\"application\/ld+json\" class=\"yoast-schema-graph\">{\"@context\":\"https:\\\/\\\/schema.org\",\"@graph\":[{\"@type\":\"WebPage\",\"@id\":\"https:\\\/\\\/punchoutrocket.com\\\/pl\\\/polityka-prywatnosci\\\/\",\"url\":\"https:\\\/\\\/punchoutrocket.com\\\/pl\\\/polityka-prywatnosci\\\/\",\"name\":\"Polityka Prywatno\u015bci\",\"isPartOf\":{\"@id\":\"https:\\\/\\\/punchoutrocket.com\\\/pl\\\/#website\"},\"datePublished\":\"2025-10-07T04:23:49+00:00\",\"dateModified\":\"2026-03-13T11:07:15+00:00\",\"description\":\"Przeczytaj nasz\u0105 polityk\u0119 prywatno\u015bci, aby dowiedzie\u0107 si\u0119, jak gromadzimy, u\u017cywamy i chronimy Twoje dane osobowe w serwisie.\",\"breadcrumb\":{\"@id\":\"https:\\\/\\\/punchoutrocket.com\\\/pl\\\/polityka-prywatnosci\\\/#breadcrumb\"},\"inLanguage\":\"pl-PL\",\"potentialAction\":[{\"@type\":\"ReadAction\",\"target\":[\"https:\\\/\\\/punchoutrocket.com\\\/pl\\\/polityka-prywatnosci\\\/\"]}]},{\"@type\":\"BreadcrumbList\",\"@id\":\"https:\\\/\\\/punchoutrocket.com\\\/pl\\\/polityka-prywatnosci\\\/#breadcrumb\",\"itemListElement\":[{\"@type\":\"ListItem\",\"position\":1,\"name\":\"Home\",\"item\":\"https:\\\/\\\/punchoutrocket.com\\\/pl\\\/\"},{\"@type\":\"ListItem\",\"position\":2,\"name\":\"Polityka prywatno\u015bci\"}]},{\"@type\":\"WebSite\",\"@id\":\"https:\\\/\\\/punchoutrocket.com\\\/pl\\\/#website\",\"url\":\"https:\\\/\\\/punchoutrocket.com\\\/pl\\\/\",\"name\":\"Punchout Rocket plugin\",\"description\":\"\",\"publisher\":{\"@id\":\"https:\\\/\\\/punchoutrocket.com\\\/pl\\\/#organization\"},\"potentialAction\":[{\"@type\":\"SearchAction\",\"target\":{\"@type\":\"EntryPoint\",\"urlTemplate\":\"https:\\\/\\\/punchoutrocket.com\\\/pl\\\/?s={search_term_string}\"},\"query-input\":{\"@type\":\"PropertyValueSpecification\",\"valueRequired\":true,\"valueName\":\"search_term_string\"}}],\"inLanguage\":\"pl-PL\"},{\"@type\":\"Organization\",\"@id\":\"https:\\\/\\\/punchoutrocket.com\\\/pl\\\/#organization\",\"name\":\"Punchout Rocket plugin\",\"url\":\"https:\\\/\\\/punchoutrocket.com\\\/pl\\\/\",\"logo\":{\"@type\":\"ImageObject\",\"inLanguage\":\"pl-PL\",\"@id\":\"https:\\\/\\\/punchoutrocket.com\\\/pl\\\/#\\\/schema\\\/logo\\\/image\\\/\",\"url\":\"https:\\\/\\\/punchoutrocket.com\\\/wp-content\\\/uploads\\\/2025\\\/10\\\/punchoutrocket.png\",\"contentUrl\":\"https:\\\/\\\/punchoutrocket.com\\\/wp-content\\\/uploads\\\/2025\\\/10\\\/punchoutrocket.png\",\"width\":552,\"height\":184,\"caption\":\"Punchout Rocket plugin\"},\"image\":{\"@id\":\"https:\\\/\\\/punchoutrocket.com\\\/pl\\\/#\\\/schema\\\/logo\\\/image\\\/\"}}]}<\/script>\n<!-- \/ Yoast SEO plugin. -->","yoast_head_json":{"title":"Polityka Prywatno\u015bci","description":"Przeczytaj nasz\u0105 polityk\u0119 prywatno\u015bci, aby dowiedzie\u0107 si\u0119, jak gromadzimy, u\u017cywamy i chronimy Twoje dane osobowe w serwisie.","robots":{"index":"index","follow":"follow","max-snippet":"max-snippet:-1","max-image-preview":"max-image-preview:large","max-video-preview":"max-video-preview:-1"},"canonical":"https:\/\/punchoutrocket.com\/pl\/polityka-prywatnosci\/","og_locale":"pl_PL","og_type":"article","og_title":"Polityka Prywatno\u015bci","og_description":"Przeczytaj nasz\u0105 polityk\u0119 prywatno\u015bci, aby dowiedzie\u0107 si\u0119, jak gromadzimy, u\u017cywamy i chronimy Twoje dane osobowe w serwisie.","og_url":"https:\/\/punchoutrocket.com\/pl\/polityka-prywatnosci\/","og_site_name":"Punchout Rocket plugin","article_modified_time":"2026-03-13T11:07:15+00:00","twitter_card":"summary_large_image","twitter_misc":{"Szacowany czas czytania":"5 minut"},"schema":{"@context":"https:\/\/schema.org","@graph":[{"@type":"WebPage","@id":"https:\/\/punchoutrocket.com\/pl\/polityka-prywatnosci\/","url":"https:\/\/punchoutrocket.com\/pl\/polityka-prywatnosci\/","name":"Polityka Prywatno\u015bci","isPartOf":{"@id":"https:\/\/punchoutrocket.com\/pl\/#website"},"datePublished":"2025-10-07T04:23:49+00:00","dateModified":"2026-03-13T11:07:15+00:00","description":"Przeczytaj nasz\u0105 polityk\u0119 prywatno\u015bci, aby dowiedzie\u0107 si\u0119, jak gromadzimy, u\u017cywamy i chronimy Twoje dane osobowe w serwisie.","breadcrumb":{"@id":"https:\/\/punchoutrocket.com\/pl\/polityka-prywatnosci\/#breadcrumb"},"inLanguage":"pl-PL","potentialAction":[{"@type":"ReadAction","target":["https:\/\/punchoutrocket.com\/pl\/polityka-prywatnosci\/"]}]},{"@type":"BreadcrumbList","@id":"https:\/\/punchoutrocket.com\/pl\/polityka-prywatnosci\/#breadcrumb","itemListElement":[{"@type":"ListItem","position":1,"name":"Home","item":"https:\/\/punchoutrocket.com\/pl\/"},{"@type":"ListItem","position":2,"name":"Polityka prywatno\u015bci"}]},{"@type":"WebSite","@id":"https:\/\/punchoutrocket.com\/pl\/#website","url":"https:\/\/punchoutrocket.com\/pl\/","name":"Punchout Rocket plugin","description":"","publisher":{"@id":"https:\/\/punchoutrocket.com\/pl\/#organization"},"potentialAction":[{"@type":"SearchAction","target":{"@type":"EntryPoint","urlTemplate":"https:\/\/punchoutrocket.com\/pl\/?s={search_term_string}"},"query-input":{"@type":"PropertyValueSpecification","valueRequired":true,"valueName":"search_term_string"}}],"inLanguage":"pl-PL"},{"@type":"Organization","@id":"https:\/\/punchoutrocket.com\/pl\/#organization","name":"Punchout Rocket plugin","url":"https:\/\/punchoutrocket.com\/pl\/","logo":{"@type":"ImageObject","inLanguage":"pl-PL","@id":"https:\/\/punchoutrocket.com\/pl\/#\/schema\/logo\/image\/","url":"https:\/\/punchoutrocket.com\/wp-content\/uploads\/2025\/10\/punchoutrocket.png","contentUrl":"https:\/\/punchoutrocket.com\/wp-content\/uploads\/2025\/10\/punchoutrocket.png","width":552,"height":184,"caption":"Punchout Rocket plugin"},"image":{"@id":"https:\/\/punchoutrocket.com\/pl\/#\/schema\/logo\/image\/"}}]}},"_links":{"self":[{"href":"https:\/\/punchoutrocket.com\/pl\/wp-json\/wp\/v2\/pages\/2656","targetHints":{"allow":["GET"]}}],"collection":[{"href":"https:\/\/punchoutrocket.com\/pl\/wp-json\/wp\/v2\/pages"}],"about":[{"href":"https:\/\/punchoutrocket.com\/pl\/wp-json\/wp\/v2\/types\/page"}],"author":[{"embeddable":true,"href":"https:\/\/punchoutrocket.com\/pl\/wp-json\/wp\/v2\/users\/1"}],"replies":[{"embeddable":true,"href":"https:\/\/punchoutrocket.com\/pl\/wp-json\/wp\/v2\/comments?post=2656"}],"version-history":[{"count":1,"href":"https:\/\/punchoutrocket.com\/pl\/wp-json\/wp\/v2\/pages\/2656\/revisions"}],"predecessor-version":[{"id":2657,"href":"https:\/\/punchoutrocket.com\/pl\/wp-json\/wp\/v2\/pages\/2656\/revisions\/2657"}],"wp:attachment":[{"href":"https:\/\/punchoutrocket.com\/pl\/wp-json\/wp\/v2\/media?parent=2656"}],"curies":[{"name":"wp","href":"https:\/\/api.w.org\/{rel}","templated":true}]}}